{"id":175,"date":"2018-07-18T13:33:30","date_gmt":"2018-07-18T11:33:30","guid":{"rendered":"http:\/\/vorschau.molter-medienagentur.de\/hude\/?page_id=175"},"modified":"2022-04-05T14:47:58","modified_gmt":"2022-04-05T12:47:58","slug":"impressum","status":"publish","type":"page","link":"http:\/\/root.hude.com\/de\/impressum\/","title":{"rendered":"Impressum"},"content":{"rendered":"<p>[et_pb_section fb_built=&#8220;1&#8243; fullwidth=&#8220;on&#8220; _builder_version=&#8220;3.22&#8243; global_colors_info=&#8220;{}&#8220;][et_pb_fullwidth_slider _builder_version=&#8220;3.16&#8243; global_colors_info=&#8220;{}&#8220; button_text_size__hover_enabled=&#8220;off&#8220; button_one_text_size__hover_enabled=&#8220;off&#8220; button_two_text_size__hover_enabled=&#8220;off&#8220; button_text_color__hover_enabled=&#8220;off&#8220; button_one_text_color__hover_enabled=&#8220;off&#8220; button_two_text_color__hover_enabled=&#8220;off&#8220; button_border_width__hover_enabled=&#8220;off&#8220; button_one_border_width__hover_enabled=&#8220;off&#8220; button_two_border_width__hover_enabled=&#8220;off&#8220; button_border_color__hover_enabled=&#8220;off&#8220; button_one_border_color__hover_enabled=&#8220;off&#8220; button_two_border_color__hover_enabled=&#8220;off&#8220; button_border_radius__hover_enabled=&#8220;off&#8220; button_one_border_radius__hover_enabled=&#8220;off&#8220; button_two_border_radius__hover_enabled=&#8220;off&#8220; button_letter_spacing__hover_enabled=&#8220;off&#8220; button_one_letter_spacing__hover_enabled=&#8220;off&#8220; button_two_letter_spacing__hover_enabled=&#8220;off&#8220; button_bg_color__hover_enabled=&#8220;off&#8220; button_one_bg_color__hover_enabled=&#8220;off&#8220; button_two_bg_color__hover_enabled=&#8220;off&#8220;][et_pb_slide use_bg_overlay=&#8220;off&#8220; use_text_overlay=&#8220;off&#8220; _builder_version=&#8220;3.16&#8243; background_image=&#8220;http:\/\/download.hude.com\/cms\/mt\/wp-content\/uploads\/2018\/08\/folie-impressum.jpg&#8220; button_on_hover=&#8220;on&#8220; global_colors_info=&#8220;{}&#8220; button_text_size__hover_enabled=&#8220;off&#8220; button_one_text_size__hover_enabled=&#8220;off&#8220; button_two_text_size__hover_enabled=&#8220;off&#8220; button_text_color__hover_enabled=&#8220;off&#8220; button_one_text_color__hover_enabled=&#8220;off&#8220; button_two_text_color__hover_enabled=&#8220;off&#8220; button_border_width__hover_enabled=&#8220;off&#8220; button_one_border_width__hover_enabled=&#8220;off&#8220; button_two_border_width__hover_enabled=&#8220;off&#8220; button_border_color__hover_enabled=&#8220;off&#8220; button_one_border_color__hover_enabled=&#8220;off&#8220; button_two_border_color__hover_enabled=&#8220;off&#8220; button_border_radius__hover_enabled=&#8220;off&#8220; button_one_border_radius__hover_enabled=&#8220;off&#8220; button_two_border_radius__hover_enabled=&#8220;off&#8220; button_letter_spacing__hover_enabled=&#8220;off&#8220; button_one_letter_spacing__hover_enabled=&#8220;off&#8220; button_two_letter_spacing__hover_enabled=&#8220;off&#8220; button_bg_color__hover_enabled=&#8220;off&#8220; button_one_bg_color__hover_enabled=&#8220;off&#8220; button_two_bg_color__hover_enabled=&#8220;off&#8220; sticky_transition=&#8220;on&#8220;][\/et_pb_slide][\/et_pb_fullwidth_slider][\/et_pb_section][et_pb_section fb_built=&#8220;1&#8243; _builder_version=&#8220;3.22&#8243; global_colors_info=&#8220;{}&#8220;][et_pb_row _builder_version=&#8220;3.25&#8243; background_size=&#8220;initial&#8220; background_position=&#8220;top_left&#8220; background_repeat=&#8220;repeat&#8220; global_colors_info=&#8220;{}&#8220;][et_pb_column type=&#8220;4_4&#8243; _builder_version=&#8220;3.25&#8243; custom_padding=&#8220;|||&#8220; global_colors_info=&#8220;{}&#8220; custom_padding__hover=&#8220;|||&#8220;][et_pb_text _builder_version=&#8220;3.27.4&#8243; global_colors_info=&#8220;{}&#8220;]<\/p>\n<h4>Impressum<\/h4>\n<p>Anbieterin von www.hude.com i.S.d. \u00a7 5 Abs. 1 TMG:<\/p>\n<h1 style=\"text-align: left;\">HuDe GmbH<\/h1>\n<p>Gewerbestra\u00dfe S\u00fcd 55<br \/>41812 Erkelenz<br \/>Deutschland<\/p>\n<p>Telefon: +49 (0) 2431 \/ 9680 0<br \/>Telefax: +49 (0) 2431 \/ 9680 10<\/p>\n<p>E-Mail: info[at]hude.com<br \/>Web:\u00a0 \u00a0 http:\/\/www.hude.com<\/p>\n<p>&nbsp;<\/p>\n<h4><strong>Rechtliche Angaben<\/strong><\/h4>\n<p>Gesch\u00e4ftsf\u00fchrender Gesellschafter: Reinhold Wahlers (info[at]hude.com)<br \/>USt.-ID. gem\u00e4\u00df \u00a7 27 a Umsatzsteuergesetz: DE 122 386 952<br \/>EORI-No.: DE 2677288<br \/>Registergericht: Amtsgericht M\u00f6nchengladbach, Registernummer: HRB 8420<br \/>Inhaltlich Verantwortlicher gem. \u00a7 18 II MStV (fr\u00fcher \u00a7 55 II RStV): Reinhold Wahlers (info[at]hude.com)<\/p>\n<p>&nbsp;<\/p>\n<h4><strong>Technische Angaben<\/strong><\/h4>\n<p>Technisch Verantwortlicher: Reinhold Wahlers (info[at]hude.com)<\/p>\n<p>&nbsp;<\/p>\n<h4><strong>Urheberrecht \/ Copyright<\/strong><\/h4>\n<p>Der Inhalt der Website ist urheberrechtlich gesch\u00fctzt. Die Vervielf\u00e4ltigung von Informationen oder Daten, insbesondere die Verwendung von Texten, Textteilen oder Bildmaterial bedarf der vorherigen schriftlichen Zustimmung des Unternehmens.<\/p>\n<p>S\u00e4mtliche Informationen oder Daten, ihre Nutzung und die Anmeldung zur Website sowie s\u00e4mtliches mit der Website zusammenh\u00e4ngendes Tun, Dulden oder Unterlassen unterliegen ausschlie\u00dflich deutschem Recht.<br \/>Die Wiederver\u00f6ffentlichung oder Weiterverbreitung von Inhalten der HuDe GmbH &#8211; Seiten einschlie\u00dflich des sogenannten Framings und \u00e4hnlicher Ma\u00dfnahmen ist ohne ausdr\u00fcckliche schriftliche Zustimmung der HuDe GmbH nicht gestattet. Die Bild- \/ Wortmarken der HuDe GmbH sind als gesch\u00fctzte Marke registriert.<\/p>\n<p>HuDe GmbH. Alle Rechte vorbehalten.<\/p>\n<p>&nbsp;<\/p>\n<h4><strong>Hinweis f\u00fcr Verbraucher<\/strong><\/h4>\n<p>Plattform der Europ\u00e4ischen Kommission zur Online-Streitbeilegung (OS) f\u00fcr Verbraucher: https:\/\/ec.europa.eu\/consumers\/odr\/<br \/>Wir sind nicht bereit und nicht verpflichtet, an einem Streitbeilegungsverfahren vor einer Verbraucherschlichtungsstelle teilzunehmen<\/p>\n<p>&nbsp;<\/p>\n<h4><strong>Haftung \/ Disclaimer<\/strong><\/h4>\n<p>Die Informationen, die die HuDe GmbH Ihnen auf dieser Website zur Verf\u00fcgung stellt, wurden mit gr\u00f6\u00dftm\u00f6glicher Sorgfalt zusammengestellt und werden laufend aktualisiert. Trotz sorgf\u00e4ltigster Kontrolle kann die Fehlerfreiheit nicht garantiert werden. Die HuDe GmbH schlie\u00dft daher jede Haftung oder Garantie hinsichtlich der Genauigkeit, Vollst\u00e4ndigkeit und Aktualit\u00e4t der auf dieser Website bereitgestellten Informationen aus. Dies gilt insbesondere auch f\u00fcr Websites, auf die mittels Hyperlink verwiesen wird. Es handelt sich dabei um fremde Websites, auf deren aktuelle und zuk\u00fcnftige Gestaltung, deren Inhalte oder deren Urheberschaft wir keinerlei Einfluss haben. Die HuDe GmbH schlie\u00dft daher eine Haftung f\u00fcr den Inhalt derartiger Seiten und f\u00fcr Sch\u00e4den, die aus der Nutzung oder Nichtnutzung solcherart dargebotener Informationen entstehen, ausdr\u00fccklich aus. Die HuDe GmbH ist auch nicht verantwortlich f\u00fcr die Datenschutzvorkehrungen der Betreiber derartiger Websites.<\/p>\n<p>Die HuDe GmbH beh\u00e4lt sich das Recht vor, jederzeit ohne Ank\u00fcndigung \u00c4nderungen oder Erg\u00e4nzungen der bereitgestellten Informationen oder Daten vorzunehmen. Soweit unsere Internetseiten in die Zukunft gerichtete Aussagen enthalten, bauen diese Aussagen auf \u00dcberzeugungen und Einsch\u00e4tzungen des HuDe-Managements auf und unterliegen damit Risiken und Unsicherheiten. Die HuDe GmbH ist nicht verpflichtet, solche in die Zukunft gerichteten Aussagen zu aktualisieren. Eine Haftung f\u00fcr solche Aussagen wird ausdr\u00fccklich ausgeschlossen.<\/p>\n<p>Die Inhalte dieser Internetseiten sprechen Frauen und M\u00e4nner gleicherma\u00dfen an. Zur besseren Lesbarkeit wird nur die m\u00e4nnliche Sprachform verwendet. Die Bezeichnungen &#8222;Kunde&#8220;, &#8222;Mitarbeiter&#8220;, &#8222;Ingenieur&#8220;, &#8222;Student&#8220; o. \u00e4. sind deshalb als geschlechtsneutral anzusehen.<\/p>\n<p>[\/et_pb_text][\/et_pb_column][\/et_pb_row][\/et_pb_section]<\/p>\n","protected":false},"excerpt":{"rendered":"<p>Impressum Anbieterin von www.hude.com i.S.d. \u00a7 5 Abs. 1 TMG: HuDe GmbH Gewerbestra\u00dfe S\u00fcd 5541812 ErkelenzDeutschland Telefon: +49 (0) 2431 \/ 9680 0Telefax: +49 (0) 2431 \/ 9680 10 E-Mail: info[at]hude.comWeb:\u00a0 \u00a0 http:\/\/www.hude.com &nbsp; Rechtliche Angaben Gesch\u00e4ftsf\u00fchrender Gesellschafter: Reinhold Wahlers (info[at]hude.com)USt.-ID. gem\u00e4\u00df \u00a7 27 a Umsatzsteuergesetz: DE 122 386 952EORI-No.: DE 2677288Registergericht: Amtsgericht M\u00f6nchengladbach, Registernummer: [&hellip;]<\/p>\n","protected":false},"author":1,"featured_media":0,"parent":0,"menu_order":0,"comment_status":"closed","ping_status":"closed","template":"","meta":{"_et_pb_use_builder":"on","_et_pb_old_content":"","_et_gb_content_width":""},"_links":{"self":[{"href":"http:\/\/root.hude.com\/de\/wp-json\/wp\/v2\/pages\/175\/"}],"collection":[{"href":"http:\/\/root.hude.com\/de\/wp-json\/wp\/v2\/pages\/"}],"about":[{"href":"http:\/\/root.hude.com\/de\/wp-json\/wp\/v2\/types\/page\/"}],"author":[{"embeddable":true,"href":"http:\/\/root.hude.com\/de\/wp-json\/wp\/v2\/users\/1\/"}],"replies":[{"embeddable":true,"href":"http:\/\/root.hude.com\/de\/wp-json\/wp\/v2\/comments\/?post=175"}],"version-history":[{"count":7,"href":"http:\/\/root.hude.com\/de\/wp-json\/wp\/v2\/pages\/175\/revisions\/"}],"predecessor-version":[{"id":2384,"href":"http:\/\/root.hude.com\/de\/wp-json\/wp\/v2\/pages\/175\/revisions\/2384\/"}],"wp:attachment":[{"href":"http:\/\/root.hude.com\/de\/wp-json\/wp\/v2\/media\/?parent=175"}],"curies":[{"name":"wp","href":"https:\/\/api.w.org\/{rel}","templated":true}]}}